{"id":15,"date":"2020-08-21T15:21:00","date_gmt":"2020-08-21T15:21:00","guid":{"rendered":"https:\/\/nutribella.eu\/?page_id=15"},"modified":"2021-10-19T07:03:07","modified_gmt":"2021-10-19T07:03:07","slug":"kontakt","status":"publish","type":"page","link":"https:\/\/nutribella.eu\/me\/kontakt\/","title":{"rendered":"Kontakt"},"content":{"rendered":"\t\t<div data-elementor-type=\"wp-page\" data-elementor-id=\"15\" class=\"elementor elementor-15\">\n\t\t\t\t\t\t<section class=\"elementor-section elementor-top-section elementor-element elementor-element-3bf063a elementor-section-full_width elementor-section-height-min-height elementor-section-height-default elementor-section-items-middle\" data-id=\"3bf063a\" data-element_type=\"section\">\n\t\t\t\t\t\t\t<div class=\"elementor-background-overlay\"><\/div>\n\t\t\t\t\t\t\t<div class=\"elementor-container elementor-column-gap-no\">\n\t\t\t\t\t<div class=\"elementor-column elementor-col-50 elementor-top-column elementor-element elementor-element-4d98f1e\" data-id=\"4d98f1e\" data-element_type=\"column\" data-settings=\"{&quot;background_background&quot;:&quot;classic&quot;}\">\n\t\t\t<div class=\"elementor-widget-wrap elementor-element-populated\">\n\t\t\t\t\t\t<div class=\"elementor-element elementor-element-6128074 elementor-widget elementor-widget-heading\" data-id=\"6128074\" data-element_type=\"widget\" data-widget_type=\"heading.default\">\n\t\t\t\t<div class=\"elementor-widget-container\">\n\t\t\t\t\t<h2 class=\"elementor-heading-title elementor-size-default\">Nutribella export<\/h2>\t\t\t\t<\/div>\n\t\t\t\t<\/div>\n\t\t\t\t<div class=\"elementor-element elementor-element-8d2c5f5 elementor-widget elementor-widget-text-editor\" data-id=\"8d2c5f5\" data-element_type=\"widget\" data-widget_type=\"text-editor.default\">\n\t\t\t\t<div class=\"elementor-widget-container\">\n\t\t\t\t\t\t\t\t\t<p>Om Made je kompanija iz Srbije, a na\u0161i proizvodi su pod brendom Nutribella zastupljeni u marketima nekoliko okolnih zemalja: Crna Gora, Hrvatska, Bosna i Hercegovina, Makedonija, Ma\u0111arska, Slova\u010dka i Slovenija.<\/p>\t\t\t\t\t\t\t\t<\/div>\n\t\t\t\t<\/div>\n\t\t\t\t<div class=\"elementor-element elementor-element-a150cb6 elementor-widget elementor-widget-image\" data-id=\"a150cb6\" data-element_type=\"widget\" data-widget_type=\"image.default\">\n\t\t\t\t<div class=\"elementor-widget-container\">\n\t\t\t\t\t\t\t\t\t\t\t\t\t\t\t<img decoding=\"async\" src=\"https:\/\/nutribella.eu\/wp-content\/uploads\/2020\/11\/OmMade-1.jpg\" title=\"\" alt=\"\" loading=\"lazy\" \/>\t\t\t\t\t\t\t\t\t\t\t\t\t\t\t<\/div>\n\t\t\t\t<\/div>\n\t\t\t\t\t<\/div>\n\t\t<\/div>\n\t\t\t\t<div class=\"elementor-column elementor-col-50 elementor-top-column elementor-element elementor-element-bbd9039\" data-id=\"bbd9039\" data-element_type=\"column\" data-settings=\"{&quot;background_background&quot;:&quot;classic&quot;}\">\n\t\t\t<div class=\"elementor-widget-wrap elementor-element-populated\">\n\t\t\t\t\t\t<div class=\"elementor-element elementor-element-9c365ad elementor-widget elementor-widget-heading\" data-id=\"9c365ad\" data-element_type=\"widget\" data-widget_type=\"heading.default\">\n\t\t\t\t<div class=\"elementor-widget-container\">\n\t\t\t\t\t<h2 class=\"elementor-heading-title elementor-size-default\">Kontakt<\/h2>\t\t\t\t<\/div>\n\t\t\t\t<\/div>\n\t\t\t\t<div class=\"elementor-element elementor-element-6ab2516 elementor-widget elementor-widget-text-editor\" data-id=\"6ab2516\" data-element_type=\"widget\" data-widget_type=\"text-editor.default\">\n\t\t\t\t<div class=\"elementor-widget-container\">\n\t\t\t\t\t\t\t\t\t<p>Adress: Dobrovolja\u010dka bb, 21214 Sirig.<\/p><p>Email: <a href=\"mailto:info@ommade.rs\" rel=\"noreferrer\">info@ommade.rs<\/a>\u00a0<\/p><p>&#8230;&#8230;&#8230;&#8230;&#8230;&#8230;&#8230;&#8230;&#8230;&#8230;&#8230;&#8230;&#8230;&#8230;&#8230;<\/p>\n<div class=\"wpcf7 no-js\" id=\"wpcf7-f9806-o1\" lang=\"en-US\" dir=\"ltr\" data-wpcf7-id=\"9806\">\n<div class=\"screen-reader-response\"><p role=\"status\" aria-live=\"polite\" aria-atomic=\"true\"><\/p> <ul><\/ul><\/div>\n<form action=\"\/me\/wp-json\/wp\/v2\/pages\/15#wpcf7-f9806-o1\" method=\"post\" class=\"wpcf7-form init\" aria-label=\"Contact form\" novalidate=\"novalidate\" data-status=\"init\">\n<fieldset class=\"hidden-fields-container\"><input type=\"hidden\" name=\"_wpcf7\" value=\"9806\" \/><input type=\"hidden\" name=\"_wpcf7_version\" value=\"6.1.5\" \/><input type=\"hidden\" name=\"_wpcf7_locale\" value=\"en_US\" \/><input type=\"hidden\" name=\"_wpcf7_unit_tag\" value=\"wpcf7-f9806-o1\" \/><input type=\"hidden\" name=\"_wpcf7_container_post\" value=\"0\" \/><input type=\"hidden\" name=\"_wpcf7_posted_data_hash\" value=\"\" \/>\n<\/fieldset>\n<p><label> Va\u0161e ime<br \/>\n<span class=\"wpcf7-form-control-wrap\" data-name=\"your-name\"><input size=\"40\" maxlength=\"400\" class=\"wpcf7-form-control wpcf7-text wpcf7-validates-as-required\" aria-required=\"true\" aria-invalid=\"false\" value=\"\" type=\"text\" name=\"your-name\" \/><\/span> <\/label>\n<\/p>\n<p><label> Va\u0161a e-po\u0161ta<br \/>\n<span class=\"wpcf7-form-control-wrap\" data-name=\"your-email\"><input size=\"40\" maxlength=\"400\" class=\"wpcf7-form-control wpcf7-email wpcf7-validates-as-required wpcf7-text wpcf7-validates-as-email\" aria-required=\"true\" aria-invalid=\"false\" value=\"\" type=\"email\" name=\"your-email\" \/><\/span> <\/label>\n<\/p>\n<p><label> Predmet<br \/>\n<span class=\"wpcf7-form-control-wrap\" data-name=\"your-subject\"><input size=\"40\" maxlength=\"400\" class=\"wpcf7-form-control wpcf7-text wpcf7-validates-as-required\" aria-required=\"true\" aria-invalid=\"false\" value=\"\" type=\"text\" name=\"your-subject\" \/><\/span> <\/label>\n<\/p>\n<p><label> Va\u0161a poruka (opcionalno)<br \/>\n<span class=\"wpcf7-form-control-wrap\" data-name=\"your-message\"><textarea cols=\"40\" rows=\"10\" maxlength=\"2000\" class=\"wpcf7-form-control wpcf7-textarea\" aria-invalid=\"false\" name=\"your-message\"><\/textarea><\/span> <\/label>\n<\/p>\n<p><input class=\"wpcf7-form-control wpcf7-submit has-spinner\" type=\"submit\" value=\"Po\u0161alji\" \/>\n<\/p><div class=\"wpcf7-response-output\" aria-hidden=\"true\"><\/div>\n<\/form>\n<\/div>\n\t\t\t\t\t\t\t\t<\/div>\n\t\t\t\t<\/div>\n\t\t\t\t\t<\/div>\n\t\t<\/div>\n\t\t\t\t\t<\/div>\n\t\t<\/section>\n\t\t\t\t<section class=\"elementor-section elementor-top-section elementor-element elementor-element-4333166 elementor-section-full_width elementor-section-height-default elementor-section-height-default\" data-id=\"4333166\" data-element_type=\"section\">\n\t\t\t\t\t\t<div class=\"elementor-container elementor-column-gap-no\">\n\t\t\t\t\t<div class=\"elementor-column elementor-col-100 elementor-top-column elementor-element elementor-element-cb27790\" data-id=\"cb27790\" data-element_type=\"column\">\n\t\t\t<div class=\"elementor-widget-wrap elementor-element-populated\">\n\t\t\t\t\t\t<div class=\"elementor-element elementor-element-abc8b64 elementor-widget elementor-widget-google_maps\" data-id=\"abc8b64\" data-element_type=\"widget\" data-widget_type=\"google_maps.default\">\n\t\t\t\t<div class=\"elementor-widget-container\">\n\t\t\t\t\t\t\t<div class=\"elementor-custom-embed\">\n\t\t\t<iframe loading=\"lazy\"\n\t\t\t\t\tsrc=\"https:\/\/maps.google.com\/maps?q=Dobrovoljacka%20bb%2C%20Sirig%2021412%2C%20Serbia&#038;t=m&#038;z=10&#038;output=embed&#038;iwloc=near\"\n\t\t\t\t\ttitle=\"Dobrovoljacka bb, Sirig 21412, Serbia\"\n\t\t\t\t\taria-label=\"Dobrovoljacka bb, Sirig 21412, Serbia\"\n\t\t\t><\/iframe>\n\t\t<\/div>\n\t\t\t\t\t\t<\/div>\n\t\t\t\t<\/div>\n\t\t\t\t\t<\/div>\n\t\t<\/div>\n\t\t\t\t\t<\/div>\n\t\t<\/section>\n\t\t\t\t<\/div>\n\t\t","protected":false},"excerpt":{"rendered":"<p>Nutribella export Om Made je kompanija iz Srbije, a na\u0161i proizvodi su pod brendom Nutribella zastupljeni u marketima nekoliko okolnih zemalja: Crna Gora, Hrvatska, Bosna i Hercegovina, Makedonija, Ma\u0111arska, Slova\u010dka i Slovenija. Kontakt Adress: Dobrovolja\u010dka bb, 21214 Sirig. Email: info@ommade.rs\u00a0 &#8230;&#8230;&#8230;&#8230;&#8230;&#8230;&#8230;&#8230;&#8230;&#8230;&#8230;&#8230;&#8230;&#8230;&#8230;<\/p>\n","protected":false},"author":2,"featured_media":0,"parent":0,"menu_order":0,"comment_status":"closed","ping_status":"closed","template":"elementor_header_footer","meta":{"footnotes":""},"class_list":["post-15","page","type-page","status-publish","hentry"],"yoast_head":"<!-- This site is optimized with the Yoast SEO plugin v27.6 - https:\/\/yoast.com\/product\/yoast-seo-wordpress\/ -->\n<title>Kontakt - Nutribella ME<\/title>\n<meta name=\"description\" content=\"Contact us for more information about Nutribella products or for cooperation.\" \/>\n<meta name=\"robots\" content=\"index, follow, max-snippet:-1, max-image-preview:large, max-video-preview:-1\" \/>\n<link rel=\"canonical\" href=\"https:\/\/nutribella.eu\/me\/kontakt\/\" \/>\n<meta property=\"og:locale\" content=\"en_US\" \/>\n<meta property=\"og:type\" content=\"article\" \/>\n<meta property=\"og:title\" content=\"Kontakt - Nutribella ME\" \/>\n<meta property=\"og:description\" content=\"Contact us for more information about Nutribella products or for cooperation.\" \/>\n<meta property=\"og:url\" content=\"https:\/\/nutribella.eu\/me\/kontakt\/\" \/>\n<meta property=\"og:site_name\" content=\"Nutribella ME\" \/>\n<meta property=\"article:modified_time\" content=\"2021-10-19T07:03:07+00:00\" \/>\n<meta property=\"og:image\" content=\"https:\/\/nutribella.eu\/wp-content\/uploads\/2020\/11\/OmMade-1.jpg\" \/>\n<meta name=\"twitter:card\" content=\"summary_large_image\" \/>\n<meta name=\"twitter:label1\" content=\"Est. reading time\" \/>\n\t<meta name=\"twitter:data1\" content=\"1 minute\" \/>\n<script type=\"application\/ld+json\" class=\"yoast-schema-graph\">{\"@context\":\"https:\\\/\\\/schema.org\",\"@graph\":[{\"@type\":\"WebPage\",\"@id\":\"https:\\\/\\\/nutribella.eu\\\/me\\\/kontakt\\\/\",\"url\":\"https:\\\/\\\/nutribella.eu\\\/me\\\/kontakt\\\/\",\"name\":\"Kontakt - Nutribella ME\",\"isPartOf\":{\"@id\":\"https:\\\/\\\/nutribella.eu\\\/me\\\/#website\"},\"primaryImageOfPage\":{\"@id\":\"https:\\\/\\\/nutribella.eu\\\/me\\\/kontakt\\\/#primaryimage\"},\"image\":{\"@id\":\"https:\\\/\\\/nutribella.eu\\\/me\\\/kontakt\\\/#primaryimage\"},\"thumbnailUrl\":\"https:\\\/\\\/nutribella.eu\\\/wp-content\\\/uploads\\\/2020\\\/11\\\/OmMade-1.jpg\",\"datePublished\":\"2020-08-21T15:21:00+00:00\",\"dateModified\":\"2021-10-19T07:03:07+00:00\",\"description\":\"Contact us for more information about Nutribella products or for cooperation.\",\"breadcrumb\":{\"@id\":\"https:\\\/\\\/nutribella.eu\\\/me\\\/kontakt\\\/#breadcrumb\"},\"inLanguage\":\"me-ME\",\"potentialAction\":[{\"@type\":\"ReadAction\",\"target\":[\"https:\\\/\\\/nutribella.eu\\\/me\\\/kontakt\\\/\"]}]},{\"@type\":\"ImageObject\",\"inLanguage\":\"me-ME\",\"@id\":\"https:\\\/\\\/nutribella.eu\\\/me\\\/kontakt\\\/#primaryimage\",\"url\":\"https:\\\/\\\/nutribella.eu\\\/wp-content\\\/uploads\\\/2020\\\/11\\\/OmMade-1.jpg\",\"contentUrl\":\"https:\\\/\\\/nutribella.eu\\\/wp-content\\\/uploads\\\/2020\\\/11\\\/OmMade-1.jpg\"},{\"@type\":\"BreadcrumbList\",\"@id\":\"https:\\\/\\\/nutribella.eu\\\/me\\\/kontakt\\\/#breadcrumb\",\"itemListElement\":[{\"@type\":\"ListItem\",\"position\":1,\"name\":\"Home\",\"item\":\"https:\\\/\\\/nutribella.eu\\\/me\\\/\"},{\"@type\":\"ListItem\",\"position\":2,\"name\":\"Kontakt\"}]},{\"@type\":\"WebSite\",\"@id\":\"https:\\\/\\\/nutribella.eu\\\/me\\\/#website\",\"url\":\"https:\\\/\\\/nutribella.eu\\\/me\\\/\",\"name\":\"Nutribella ME\",\"description\":\"\",\"publisher\":{\"@id\":\"https:\\\/\\\/nutribella.eu\\\/me\\\/#organization\"},\"potentialAction\":[{\"@type\":\"SearchAction\",\"target\":{\"@type\":\"EntryPoint\",\"urlTemplate\":\"https:\\\/\\\/nutribella.eu\\\/me\\\/?s={search_term_string}\"},\"query-input\":{\"@type\":\"PropertyValueSpecification\",\"valueRequired\":true,\"valueName\":\"search_term_string\"}}],\"inLanguage\":\"me-ME\"},{\"@type\":\"Organization\",\"@id\":\"https:\\\/\\\/nutribella.eu\\\/me\\\/#organization\",\"name\":\"Nutribella ME\",\"url\":\"https:\\\/\\\/nutribella.eu\\\/me\\\/\",\"logo\":{\"@type\":\"ImageObject\",\"inLanguage\":\"me-ME\",\"@id\":\"https:\\\/\\\/nutribella.eu\\\/me\\\/#\\\/schema\\\/logo\\\/image\\\/\",\"url\":\"https:\\\/\\\/nutribella.eu\\\/me\\\/wp-content\\\/uploads\\\/sites\\\/4\\\/2021\\\/10\\\/nutribella_logo_braon.png\",\"contentUrl\":\"https:\\\/\\\/nutribella.eu\\\/me\\\/wp-content\\\/uploads\\\/sites\\\/4\\\/2021\\\/10\\\/nutribella_logo_braon.png\",\"width\":190,\"height\":39,\"caption\":\"Nutribella ME\"},\"image\":{\"@id\":\"https:\\\/\\\/nutribella.eu\\\/me\\\/#\\\/schema\\\/logo\\\/image\\\/\"}}]}<\/script>\n<!-- \/ Yoast SEO plugin. -->","yoast_head_json":{"title":"Kontakt - Nutribella ME","description":"Contact us for more information about Nutribella products or for cooperation.","robots":{"index":"index","follow":"follow","max-snippet":"max-snippet:-1","max-image-preview":"max-image-preview:large","max-video-preview":"max-video-preview:-1"},"canonical":"https:\/\/nutribella.eu\/me\/kontakt\/","og_locale":"en_US","og_type":"article","og_title":"Kontakt - Nutribella ME","og_description":"Contact us for more information about Nutribella products or for cooperation.","og_url":"https:\/\/nutribella.eu\/me\/kontakt\/","og_site_name":"Nutribella ME","article_modified_time":"2021-10-19T07:03:07+00:00","og_image":[{"url":"https:\/\/nutribella.eu\/wp-content\/uploads\/2020\/11\/OmMade-1.jpg","type":"","width":"","height":""}],"twitter_card":"summary_large_image","twitter_misc":{"Est. reading time":"1 minute"},"schema":{"@context":"https:\/\/schema.org","@graph":[{"@type":"WebPage","@id":"https:\/\/nutribella.eu\/me\/kontakt\/","url":"https:\/\/nutribella.eu\/me\/kontakt\/","name":"Kontakt - Nutribella ME","isPartOf":{"@id":"https:\/\/nutribella.eu\/me\/#website"},"primaryImageOfPage":{"@id":"https:\/\/nutribella.eu\/me\/kontakt\/#primaryimage"},"image":{"@id":"https:\/\/nutribella.eu\/me\/kontakt\/#primaryimage"},"thumbnailUrl":"https:\/\/nutribella.eu\/wp-content\/uploads\/2020\/11\/OmMade-1.jpg","datePublished":"2020-08-21T15:21:00+00:00","dateModified":"2021-10-19T07:03:07+00:00","description":"Contact us for more information about Nutribella products or for cooperation.","breadcrumb":{"@id":"https:\/\/nutribella.eu\/me\/kontakt\/#breadcrumb"},"inLanguage":"me-ME","potentialAction":[{"@type":"ReadAction","target":["https:\/\/nutribella.eu\/me\/kontakt\/"]}]},{"@type":"ImageObject","inLanguage":"me-ME","@id":"https:\/\/nutribella.eu\/me\/kontakt\/#primaryimage","url":"https:\/\/nutribella.eu\/wp-content\/uploads\/2020\/11\/OmMade-1.jpg","contentUrl":"https:\/\/nutribella.eu\/wp-content\/uploads\/2020\/11\/OmMade-1.jpg"},{"@type":"BreadcrumbList","@id":"https:\/\/nutribella.eu\/me\/kontakt\/#breadcrumb","itemListElement":[{"@type":"ListItem","position":1,"name":"Home","item":"https:\/\/nutribella.eu\/me\/"},{"@type":"ListItem","position":2,"name":"Kontakt"}]},{"@type":"WebSite","@id":"https:\/\/nutribella.eu\/me\/#website","url":"https:\/\/nutribella.eu\/me\/","name":"Nutribella ME","description":"","publisher":{"@id":"https:\/\/nutribella.eu\/me\/#organization"},"potentialAction":[{"@type":"SearchAction","target":{"@type":"EntryPoint","urlTemplate":"https:\/\/nutribella.eu\/me\/?s={search_term_string}"},"query-input":{"@type":"PropertyValueSpecification","valueRequired":true,"valueName":"search_term_string"}}],"inLanguage":"me-ME"},{"@type":"Organization","@id":"https:\/\/nutribella.eu\/me\/#organization","name":"Nutribella ME","url":"https:\/\/nutribella.eu\/me\/","logo":{"@type":"ImageObject","inLanguage":"me-ME","@id":"https:\/\/nutribella.eu\/me\/#\/schema\/logo\/image\/","url":"https:\/\/nutribella.eu\/me\/wp-content\/uploads\/sites\/4\/2021\/10\/nutribella_logo_braon.png","contentUrl":"https:\/\/nutribella.eu\/me\/wp-content\/uploads\/sites\/4\/2021\/10\/nutribella_logo_braon.png","width":190,"height":39,"caption":"Nutribella ME"},"image":{"@id":"https:\/\/nutribella.eu\/me\/#\/schema\/logo\/image\/"}}]}},"_links":{"self":[{"href":"https:\/\/nutribella.eu\/me\/wp-json\/wp\/v2\/pages\/15","targetHints":{"allow":["GET"]}}],"collection":[{"href":"https:\/\/nutribella.eu\/me\/wp-json\/wp\/v2\/pages"}],"about":[{"href":"https:\/\/nutribella.eu\/me\/wp-json\/wp\/v2\/types\/page"}],"author":[{"embeddable":true,"href":"https:\/\/nutribella.eu\/me\/wp-json\/wp\/v2\/users\/2"}],"replies":[{"embeddable":true,"href":"https:\/\/nutribella.eu\/me\/wp-json\/wp\/v2\/comments?post=15"}],"version-history":[{"count":4,"href":"https:\/\/nutribella.eu\/me\/wp-json\/wp\/v2\/pages\/15\/revisions"}],"predecessor-version":[{"id":9809,"href":"https:\/\/nutribella.eu\/me\/wp-json\/wp\/v2\/pages\/15\/revisions\/9809"}],"wp:attachment":[{"href":"https:\/\/nutribella.eu\/me\/wp-json\/wp\/v2\/media?parent=15"}],"curies":[{"name":"wp","href":"https:\/\/api.w.org\/{rel}","templated":true}]}}